{"id":30062,"date":"2024-01-29T09:14:31","date_gmt":"2024-01-29T08:14:31","guid":{"rendered":"https:\/\/www.vonderweid-consulting.com\/startseite\/"},"modified":"2026-01-05T13:39:13","modified_gmt":"2026-01-05T12:39:13","slug":"startseite","status":"publish","type":"page","link":"https:\/\/www.vonderweid-consulting.com\/de\/","title":{"rendered":"Startseite"},"content":{"rendered":"\n<div class=\"wp-block-cover alignfull\" style=\"padding-top:80px;padding-bottom:60px;padding-left:0px;min-height:950px;aspect-ratio:unset;\"><img loading=\"lazy\" decoding=\"async\" width=\"1024\" height=\"682\" class=\"wp-block-cover__image-background wp-image-28894\" alt=\"\" src=\"http:\/\/r04o6bfqfz.preview.infomaniak.website\/wp-content\/uploads\/2024\/01\/world-trade-center-lausanne.jpg\" data-object-fit=\"cover\" srcset=\"https:\/\/www.vonderweid-consulting.com\/wp-content\/uploads\/2024\/01\/world-trade-center-lausanne.jpg 1024w, https:\/\/www.vonderweid-consulting.com\/wp-content\/uploads\/2024\/01\/world-trade-center-lausanne-600x400.jpg 600w, https:\/\/www.vonderweid-consulting.com\/wp-content\/uploads\/2024\/01\/world-trade-center-lausanne-768x512.jpg 768w\" sizes=\"auto, (max-width: 1024px) 100vw, 1024px\" \/><span aria-hidden=\"true\" class=\"wp-block-cover__background has-ast-global-color-2-background-color has-background-dim-70 has-background-dim\"><\/span><div class=\"wp-block-cover__inner-container is-layout-flow wp-block-cover-is-layout-flow\">\n<div class=\"wp-block-group is-layout-constrained wp-block-group-is-layout-constrained\"><div class=\"wp-block-group__inner-container\">\n<div class=\"wp-block-uagb-container uagb-block-37ece354 alignfull uagb-is-root-container\"><div class=\"uagb-container-inner-blocks-wrap\">\n<h1 class=\"wp-block-heading has-white-color has-text-color\">Willkommen bei<br>VON<strong>DER WEID CONSULTING<\/strong><\/h1>\n\n\n\n<p class=\"has-ast-global-color-5-color has-text-color has-medium-font-size\">Unsere Beratungsfirma ist auf die Bereiche Personalwesen und Unternehmensorganisation spezialisiert. Wir setzen uns f\u00fcr den Erfolg der uns anvertrauten Aufgaben ein und m\u00f6chten ein bevorzugter Partner f\u00fcr Unternehmen und Kandidaten sein, die unsere hohen qualitativen und ethischen Standards teilen und akzeptieren. Unsere Dienstleistungen basieren auf den <strong>folgenden drei S\u00e4ulen<\/strong>:<br><br>&#8211; Management und Unternehmensorganisation<br>&#8211; Suche und Auswahl von Talenten (Top &amp; Middle Management)<br>&#8211; Beratung und Unterst\u00fctzung von F\u00fchrungskr\u00e4ften<br><br>Die Details dieser drei S\u00e4ulen werden im Kapitel &#8222;Unsere Dienstleistungen&#8220; erl\u00e4utert.<\/p>\n<\/div><\/div>\n<\/div><\/div>\n<\/div><\/div>\n","protected":false},"excerpt":{"rendered":"","protected":false},"author":1,"featured_media":0,"parent":0,"menu_order":0,"comment_status":"closed","ping_status":"closed","template":"","meta":{"_acf_changed":false,"_uag_custom_page_level_css":"","site-sidebar-layout":"default","site-content-layout":"","ast-site-content-layout":"default","site-content-style":"default","site-sidebar-style":"default","ast-global-header-display":"","ast-banner-title-visibility":"","ast-main-header-display":"","ast-hfb-above-header-display":"","ast-hfb-below-header-display":"","ast-hfb-mobile-header-display":"","site-post-title":"","ast-breadcrumbs-content":"","ast-featured-img":"","footer-sml-layout":"","ast-disable-related-posts":"","theme-transparent-header-meta":"","adv-header-id-meta":"","stick-header-meta":"","header-above-stick-meta":"","header-main-stick-meta":"","header-below-stick-meta":"","astra-migrate-meta-layouts":"set","ast-page-background-enabled":"default","ast-page-background-meta":{"desktop":{"background-color":"var(--ast-global-color-4)","background-image":"","background-repeat":"repeat","background-position":"center center","background-size":"auto","background-attachment":"scroll","background-type":"","background-media":"","overlay-type":"","overlay-color":"","overlay-opacity":"","overlay-gradient":""},"tablet":{"background-color":"","background-image":"","background-repeat":"repeat","background-position":"center center","background-size":"auto","background-attachment":"scroll","background-type":"","background-media":"","overlay-type":"","overlay-color":"","overlay-opacity":"","overlay-gradient":""},"mobile":{"background-color":"","background-image":"","background-repeat":"repeat","background-position":"center center","background-size":"auto","background-attachment":"scroll","background-type":"","background-media":"","overlay-type":"","overlay-color":"","overlay-opacity":"","overlay-gradient":""}},"ast-content-background-meta":{"desktop":{"background-color":"var(--ast-global-color-5)","background-image":"","background-repeat":"repeat","background-position":"center center","background-size":"auto","background-attachment":"scroll","background-type":"","background-media":"","overlay-type":"","overlay-color":"","overlay-opacity":"","overlay-gradient":""},"tablet":{"background-color":"var(--ast-global-color-5)","background-image":"","background-repeat":"repeat","background-position":"center center","background-size":"auto","background-attachment":"scroll","background-type":"","background-media":"","overlay-type":"","overlay-color":"","overlay-opacity":"","overlay-gradient":""},"mobile":{"background-color":"var(--ast-global-color-5)","background-image":"","background-repeat":"repeat","background-position":"center center","background-size":"auto","background-attachment":"scroll","background-type":"","background-media":"","overlay-type":"","overlay-color":"","overlay-opacity":"","overlay-gradient":""}},"footnotes":""},"class_list":["post-30062","page","type-page","status-publish","hentry"],"acf":[],"uagb_featured_image_src":{"full":false,"thumbnail":false,"medium":false,"medium_large":false,"large":false,"1536x1536":false,"2048x2048":false,"medium-dia":false,"slider-xl":false,"slider-l":false,"slider-m":false,"slider-s":false,"gform-image-choice-sm":false,"gform-image-choice-md":false,"gform-image-choice-lg":false},"uagb_author_info":{"display_name":"OGSWEB","author_link":"https:\/\/www.vonderweid-consulting.com\/de\/author\/ogsweb\/"},"uagb_comment_info":0,"uagb_excerpt":null,"_links":{"self":[{"href":"https:\/\/www.vonderweid-consulting.com\/de\/wp-json\/wp\/v2\/pages\/30062","targetHints":{"allow":["GET"]}}],"collection":[{"href":"https:\/\/www.vonderweid-consulting.com\/de\/wp-json\/wp\/v2\/pages"}],"about":[{"href":"https:\/\/www.vonderweid-consulting.com\/de\/wp-json\/wp\/v2\/types\/page"}],"author":[{"embeddable":true,"href":"https:\/\/www.vonderweid-consulting.com\/de\/wp-json\/wp\/v2\/users\/1"}],"replies":[{"embeddable":true,"href":"https:\/\/www.vonderweid-consulting.com\/de\/wp-json\/wp\/v2\/comments?post=30062"}],"version-history":[{"count":3,"href":"https:\/\/www.vonderweid-consulting.com\/de\/wp-json\/wp\/v2\/pages\/30062\/revisions"}],"predecessor-version":[{"id":30581,"href":"https:\/\/www.vonderweid-consulting.com\/de\/wp-json\/wp\/v2\/pages\/30062\/revisions\/30581"}],"wp:attachment":[{"href":"https:\/\/www.vonderweid-consulting.com\/de\/wp-json\/wp\/v2\/media?parent=30062"}],"curies":[{"name":"wp","href":"https:\/\/api.w.org\/{rel}","templated":true}]}}