{"id":29395,"date":"2024-01-29T11:25:43","date_gmt":"2024-01-29T10:25:43","guid":{"rendered":"https:\/\/r04o6bfqfz.preview.infomaniak.website\/dienstleistungen\/"},"modified":"2026-04-27T11:35:44","modified_gmt":"2026-04-27T09:35:44","slug":"dienstleistungen","status":"publish","type":"page","link":"https:\/\/www.vonderweid-consulting.com\/de\/dienstleistungen\/","title":{"rendered":"Dienstleistungen"},"content":{"rendered":"\n<div class=\"wp-block-cover alignfull\"><span aria-hidden=\"true\" class=\"wp-block-cover__background has-ast-global-color-0-background-color has-background-dim-100 has-background-dim\"><\/span><div class=\"wp-block-cover__inner-container is-layout-flow wp-block-cover-is-layout-flow\">\n<h1 class=\"wp-block-heading has-text-align-center has-white-color has-text-color\">Dienstleistungen<\/h1>\n<\/div><\/div>\n\n\n\n<div class=\"inherit-container-width wp-block-group alignfull has-ast-global-color-5-background-color has-background is-layout-constrained wp-block-group-is-layout-constrained\" style=\"padding-top:var(--wp--preset--spacing--80);padding-bottom:var(--wp--preset--spacing--80)\"><div class=\"wp-block-group__inner-container\">\n<div class=\"wp-block-uagb-advanced-heading uagb-block-c97c866f\" id=\"management\"><h2 class=\"uagb-heading-text\">Firmen Management &amp; Organisation<\/h2><div class=\"uagb-separator\"><\/div><\/div>\n\n\n\n<p>Unser Kerngesch\u00e4ft &#8211; die Vermittlung von hochqualifizierten Kader und Fachspezialisten &#8211; veranlasst uns systematisch, zun\u00e4chst die Situation und die tats\u00e4chlichen Bed\u00fcrfnisse des Kunden zu analysieren, bevor wir mit der Suche und Selektion der entsprechenden Pers\u00f6nlichkeit beginnen.<\/p>\n\n\n\n<p>Unsere 20-j\u00e4hrige T\u00e4tigkeit mit diversen Betrieben, sehr verschieden in Gr\u00f6sse, Herkunft und Branche hat uns eine solide Erfahrung in vielf\u00e4ltigen Bereichen erm\u00f6glicht. Davon k\u00f6nnen auch unsere Kunden selbstverst\u00e4ndlich profitieren.<\/p>\n\n\n\n<p>Welche Vorteile f\u00fcr unsere Kunden ? Unsere sachverst\u00e4ndige Beratung hinsichtlich ihrer eigenen Organisation und eine externe, neutrale, unabh\u00e4ngige, neue und andere Vision. Dies bewirkt eine gemeinsame, intensive Reflexion und Aktion, zur posiviten Entwicklung der Kunden-Firma.<\/p>\n\n\n\n<p>Einige Beispiele unserer Mitwirkung :<\/p>\n\n\n\n<ul class=\"wp-block-list\">\n<li>Teilnahme bei der Erstellung des Organigramms f\u00fcr eine internationale Firma der Telekom Branche<\/li>\n\n\n\n<li>vollst\u00e4ndiger Aufbau von zwei Abteilungen (Finanz und Logistik) einer Firma der Luxus-Industrie; Festlegung jeder Funktion und Vermittlung der entsprechende Mitarbeitern<\/li>\n\n\n\n<li>komplette Erneuerung des Organigramms einer Fabrik f\u00fcr ein KMU der Pharma-Industrie<\/li>\n\n\n\n<li>Benchmarking\/Vergleich der Funktionen und Anforderungen f\u00fcr einen Teil des Personals einer Schweizer Firma der Versicherung und Service Branche<\/li>\n<\/ul>\n<\/div><\/div>\n\n\n\n<div class=\"inherit-container-width wp-block-group alignfull has-ast-global-color-4-background-color has-background is-layout-constrained wp-block-group-is-layout-constrained\" style=\"padding-top:var(--wp--preset--spacing--80);padding-bottom:var(--wp--preset--spacing--80)\"><div class=\"wp-block-group__inner-container\">\n<div class=\"wp-block-uagb-advanced-heading uagb-block-b63c1ae2\" id=\"recrutement\"><h2 class=\"uagb-heading-text\">Rekrutierung und Selektion<\/h2><div class=\"uagb-separator\"><\/div><\/div>\n\n\n\n<h3 class=\"wp-block-heading has-text-align-center\">&#8222;We are searching people for jobs, and not jobs for people.&#8220;<\/h3>\n\n\n\n<p class=\"has-text-align-center\">&#8211; &#8211; &#8211;<\/p>\n\n\n\n<p>Gem\u00e4ss obigem Zitat &#8211; bestens bekannt in unserem Milieu &#8211; intervenieren wir auf Mandate bestehender oder neuer Kunden; d.h., erst die Beschaffung eines neuen exklusiven Mandaten l\u00f6st den Such- und Selektionsprozess potenzieller Kandidaten aus.<\/p>\n\n\n\n<p>In der Regel interveniert unser Unternehmen ausschliesslich auf <strong>TOP und MIDDLE MANAGEMENT Levels<\/strong> und im Prinzip f\u00fcr feste Arbeitspl\u00e4tze mit 100% Einsatz.<\/p>\n\n\n\n<p>Ob sich die Suche \u00fcber Hunting (Executive Search) oder via Stelleninserate abwickelt, die Selektion der Dossiers und der Kandidaten werden genau gleich durchgef\u00fchrt : methodisch, gr\u00fcndlich, fachgerecht und neutral.<\/p>\n\n\n\n<p>Sofern sie unserem Aktivit\u00e4tsgebiet entsprechen, sind uns <strong>spontane Kandidaturen<\/strong> nat\u00fcrlich willkommen; je nach Evaluation werden sie in ein laufendes oder bevorstehendes Mandat eingegliedert, oder aber f\u00fcr eine sp\u00e4tere Gelegenheit aufgehoben. Je nach dem werden wir anbieten, das Dossier einzubehalten.<\/p>\n<\/div><\/div>\n\n\n\n<div class=\"inherit-container-width wp-block-group alignfull has-ast-global-color-5-background-color has-background is-layout-constrained wp-block-group-is-layout-constrained\" style=\"padding-top:var(--wp--preset--spacing--80);padding-bottom:var(--wp--preset--spacing--80)\"><div class=\"wp-block-group__inner-container\">\n<div class=\"wp-block-uagb-advanced-heading uagb-block-57090b55\" id=\"conseil\"><h2 class=\"uagb-heading-text\">Rat und Unterst\u00fctzung der F\u00fchrungskr\u00e4fte<\/h2><div class=\"uagb-separator\"><\/div><\/div>\n\n\n\n<p>Die F\u00fchrungskr\u00e4fte, besonders die CEO&#8217;s und Leiter von KMU&#8217;s, sind oft allein Ihrer grosser Verantwortung gegen\u00fcber. Als &#8222;Big Boss&#8220; ist es manchmal nicht einfach Hilfe oder Rat intern beim Pr\u00e4sident, VR- oder Kadermitgliedern zu holen.<\/p>\n\n\n\n<p>Heute spricht man gern von &#8222;Corporate Governance&#8220;, &#8222;Quality Management&#8220;, &#8222;Work Life Balance&#8220; oder &#8222;sozialer Verantwortung&#8220; der Unternehmen gegen\u00fcber seinen Mitarbeitern oder der Umwelt. Welche Unterst\u00fctzung bietet eben dieses Unternehmen seinem CEO ? Einige Firmen haben dies bereits in ihrer Gesch\u00e4ftskultur und sogar dem Arbeitsvertrag mit dem CEO integriert, viele andere haben aber noch nichts in dieser Richtung unternommen, aus Zeitmangel, Unkenntnis oder ganz einfach weil sie nicht wissen an wen sie sich wenden k\u00f6nnen.<\/p>\n\n\n\n<p><strong>An wen wendet sich unsere Dienstleistungen ?<\/strong><br>&#8211; an Unternehmen welche ihrem Top Manager eine pers\u00f6nliche, kompetente, neutrale und nachhaltige Unterst\u00fctzung wirklich bieten wollen.<\/p>\n\n\n\n<p><strong>Wer ist der Kunde ?<\/strong><br>&#8211; das Unternehmen (und nicht der CEO), via VR und\/oder Pr\u00e4sident. Der Vertrag ist mit der Firma unterzeichnet.<\/p>\n\n\n\n<p><strong>Wer ist der Nutzniesser ?<\/strong><br>&#8211; vor allem der CEO oder der Gesch\u00e4ftsf\u00fchrer, aber auch ein anderes Mitglied der Gesch\u00e4ftsleitung (COO, CFO, CHRO, Plant Manager, &#8230;).<\/p>\n\n\n\n<p class=\"has-text-align-left\">Wir sind der Sparringspartner des CEO, der sich jederzeit an uns wenden kann, um sich auszutauschen, nachzudenken, Abstand zu gewinnen, sich beraten zu lassen oder sich auf beruflicher und pers\u00f6nlicher Ebene anzuvertrauen. Vertraglich und moralisch genie\u00dft er absolute Vertraulichkeit \u00fcber unsere Gespr\u00e4che, denn au\u00dfer auf seinen ausdr\u00fccklichen Wunsch hin werden dem Unternehmen keine Informationen \u00fcber unseren Austausch \u00fcbermittelt. Das Mirroring ist also ein echter dreiseitiger Vertrauensvertrag zwischen dem Unternehmen, dem Topmanager und unserer Beratungsfirma.<br><br><em><span style=\"text-decoration: underline;\">HINWEIS<\/span> : um den Text lesbarer zu gestalten, verwenden wir in manchen Texten und Inseraten die m\u00e4nnliche Form; f\u00fcr uns gibt es \u2013 und gab es nie \u2013 keinen Unterschied zwischen Mann und Frau f\u00fcr eine Stelle.<\/em><\/p>\n<\/div><\/div>\n","protected":false},"excerpt":{"rendered":"<p>Firmen Management &amp; Organisation Unser Kerngesch\u00e4ft &#8211; die Vermittlung von hochqualifizierten Kader und Fachspezialisten &#8211; veranlasst uns systematisch, zun\u00e4chst die Situation und die tats\u00e4chlichen Bed\u00fcrfnisse des Kunden zu analysieren, bevor wir mit der Suche und Selektion der entsprechenden Pers\u00f6nlichkeit beginnen. Unsere 20-j\u00e4hrige T\u00e4tigkeit mit diversen Betrieben, sehr verschieden in Gr\u00f6sse, Herkunft und Branche hat uns [&hellip;]<\/p>\n","protected":false},"author":1,"featured_media":0,"parent":0,"menu_order":0,"comment_status":"closed","ping_status":"closed","template":"","meta":{"_acf_changed":false,"_uag_custom_page_level_css":"","site-sidebar-layout":"default","site-content-layout":"","ast-site-content-layout":"default","site-content-style":"default","site-sidebar-style":"default","ast-global-header-display":"","ast-banner-title-visibility":"","ast-main-header-display":"","ast-hfb-above-header-display":"","ast-hfb-below-header-display":"","ast-hfb-mobile-header-display":"","site-post-title":"","ast-breadcrumbs-content":"","ast-featured-img":"","footer-sml-layout":"","ast-disable-related-posts":"","theme-transparent-header-meta":"","adv-header-id-meta":"","stick-header-meta":"","header-above-stick-meta":"","header-main-stick-meta":"","header-below-stick-meta":"","astra-migrate-meta-layouts":"set","ast-page-background-enabled":"default","ast-page-background-meta":{"desktop":{"background-color":"var(--ast-global-color-4)","background-image":"","background-repeat":"repeat","background-position":"center center","background-size":"auto","background-attachment":"scroll","background-type":"","background-media":"","overlay-type":"","overlay-color":"","overlay-opacity":"","overlay-gradient":""},"tablet":{"background-color":"","background-image":"","background-repeat":"repeat","background-position":"center center","background-size":"auto","background-attachment":"scroll","background-type":"","background-media":"","overlay-type":"","overlay-color":"","overlay-opacity":"","overlay-gradient":""},"mobile":{"background-color":"","background-image":"","background-repeat":"repeat","background-position":"center center","background-size":"auto","background-attachment":"scroll","background-type":"","background-media":"","overlay-type":"","overlay-color":"","overlay-opacity":"","overlay-gradient":""}},"ast-content-background-meta":{"desktop":{"background-color":"var(--ast-global-color-5)","background-image":"","background-repeat":"repeat","background-position":"center center","background-size":"auto","background-attachment":"scroll","background-type":"","background-media":"","overlay-type":"","overlay-color":"","overlay-opacity":"","overlay-gradient":""},"tablet":{"background-color":"var(--ast-global-color-5)","background-image":"","background-repeat":"repeat","background-position":"center center","background-size":"auto","background-attachment":"scroll","background-type":"","background-media":"","overlay-type":"","overlay-color":"","overlay-opacity":"","overlay-gradient":""},"mobile":{"background-color":"var(--ast-global-color-5)","background-image":"","background-repeat":"repeat","background-position":"center center","background-size":"auto","background-attachment":"scroll","background-type":"","background-media":"","overlay-type":"","overlay-color":"","overlay-opacity":"","overlay-gradient":""}},"footnotes":""},"class_list":["post-29395","page","type-page","status-publish","hentry"],"acf":[],"uagb_featured_image_src":{"full":false,"thumbnail":false,"medium":false,"medium_large":false,"large":false,"1536x1536":false,"2048x2048":false,"medium-dia":false,"slider-xl":false,"slider-l":false,"slider-m":false,"slider-s":false,"gform-image-choice-sm":false,"gform-image-choice-md":false,"gform-image-choice-lg":false},"uagb_author_info":{"display_name":"OGSWEB","author_link":"https:\/\/www.vonderweid-consulting.com\/de\/author\/ogsweb\/"},"uagb_comment_info":0,"uagb_excerpt":"Firmen Management &amp; Organisation Unser Kerngesch\u00e4ft &#8211; die Vermittlung von hochqualifizierten Kader und Fachspezialisten &#8211; veranlasst uns systematisch, zun\u00e4chst die Situation und die tats\u00e4chlichen Bed\u00fcrfnisse des Kunden zu analysieren, bevor wir mit der Suche und Selektion der entsprechenden Pers\u00f6nlichkeit beginnen. Unsere 20-j\u00e4hrige T\u00e4tigkeit mit diversen Betrieben, sehr verschieden in Gr\u00f6sse, Herkunft und Branche hat uns&hellip;","_links":{"self":[{"href":"https:\/\/www.vonderweid-consulting.com\/de\/wp-json\/wp\/v2\/pages\/29395","targetHints":{"allow":["GET"]}}],"collection":[{"href":"https:\/\/www.vonderweid-consulting.com\/de\/wp-json\/wp\/v2\/pages"}],"about":[{"href":"https:\/\/www.vonderweid-consulting.com\/de\/wp-json\/wp\/v2\/types\/page"}],"author":[{"embeddable":true,"href":"https:\/\/www.vonderweid-consulting.com\/de\/wp-json\/wp\/v2\/users\/1"}],"replies":[{"embeddable":true,"href":"https:\/\/www.vonderweid-consulting.com\/de\/wp-json\/wp\/v2\/comments?post=29395"}],"version-history":[{"count":3,"href":"https:\/\/www.vonderweid-consulting.com\/de\/wp-json\/wp\/v2\/pages\/29395\/revisions"}],"predecessor-version":[{"id":30744,"href":"https:\/\/www.vonderweid-consulting.com\/de\/wp-json\/wp\/v2\/pages\/29395\/revisions\/30744"}],"wp:attachment":[{"href":"https:\/\/www.vonderweid-consulting.com\/de\/wp-json\/wp\/v2\/media?parent=29395"}],"curies":[{"name":"wp","href":"https:\/\/api.w.org\/{rel}","templated":true}]}}