{"id":29391,"date":"2024-01-29T09:44:48","date_gmt":"2024-01-29T08:44:48","guid":{"rendered":"https:\/\/r04o6bfqfz.preview.infomaniak.website\/praesentation\/"},"modified":"2024-05-25T08:24:48","modified_gmt":"2024-05-25T06:24:48","slug":"praesentation","status":"publish","type":"page","link":"https:\/\/www.vonderweid-consulting.com\/de\/praesentation\/","title":{"rendered":"Pr\u00e4sentation"},"content":{"rendered":"\n<div class=\"wp-block-cover alignfull\"><span aria-hidden=\"true\" class=\"wp-block-cover__background has-ast-global-color-0-background-color has-background-dim-100 has-background-dim\"><\/span><div class=\"wp-block-cover__inner-container is-layout-flow wp-block-cover-is-layout-flow\">\n<h1 class=\"wp-block-heading has-text-align-center has-white-color has-text-color\">Pr\u00e4sentation<\/h1>\n<\/div><\/div>\n\n\n\n<div class=\"inherit-container-width wp-block-group alignfull has-ast-global-color-5-background-color has-background is-layout-constrained wp-block-group-is-layout-constrained\" style=\"padding-top:var(--wp--preset--spacing--80);padding-bottom:var(--wp--preset--spacing--80)\"><div class=\"wp-block-group__inner-container\">\n<div class=\"wp-block-media-text alignwide is-stacked-on-mobile is-vertically-aligned-top\" style=\"grid-template-columns:30% auto\"><figure class=\"wp-block-media-text__media\"><img loading=\"lazy\" decoding=\"async\" width=\"580\" height=\"693\" src=\"http:\/\/r04o6bfqfz.preview.infomaniak.website\/wp-content\/uploads\/2024\/01\/vonderweind-consult.png\" alt=\"\" class=\"wp-image-28978 size-full\" srcset=\"https:\/\/www.vonderweid-consulting.com\/wp-content\/uploads\/2024\/01\/vonderweind-consult.png 580w, https:\/\/www.vonderweid-consulting.com\/wp-content\/uploads\/2024\/01\/vonderweind-consult-502x600.png 502w\" sizes=\"auto, (max-width: 580px) 100vw, 580px\" \/><\/figure><div class=\"wp-block-media-text__content\">\n<p><strong>Effizienz, Flexibilit\u00e4t, Enthusiasmus, Verst\u00e4ndnis und Diskretion&#8230; so k\u00f6nnte man unsere Philosophie umschreiben.<\/strong><br><br>Ein Unternehmen ist vor allem ein menschliches Abenteuer. Sein Erfolg h\u00e4ngt unter anderem von der Effizienz der F\u00fchrungsmannschaft und Mitarbeiter ab, daher ist es von gr\u00f6sster Wichtigkeit, dass sich jedes neue Mitglied bestens einf\u00fcgt. Deshalb konzentrieren sich unsere personalisierten Dienstleistungen auf drei spezielle Punkte (detailliert in der Rubrik &#8222;Dienstleistungen&#8220;) :<br>&#8211; Management und Unternehmensorganisation<br>&#8211; Rekrutierung und Auswahl von Talenten auf der Ebene des Top- und Middle Managements<br>&#8211; Beratung und Unterst\u00fctzung von F\u00fchrungskr\u00e4ften (CEO, CFO, HRD, Plant Manager, Chefs von KMU,&#8230;)<br><br>Seit 1997 ist VON DER WEID CONSULTING ein unabh\u00e4ngiger Unternehmensberater der sich an den h\u00f6chsten professionnellen und ethischen Richtlinien orientiert.<\/p>\n<\/div><\/div>\n<\/div><\/div>\n\n\n\n<div class=\"inherit-container-width wp-block-group alignfull is-layout-constrained wp-block-group-is-layout-constrained\" style=\"padding-top:0;padding-bottom:var(--wp--preset--spacing--80)\"><div class=\"wp-block-group__inner-container\">\n<h2 class=\"wp-block-heading has-large-font-size\">Expertise<\/h2>\n\n\n\n<p>Unsere 25+j\u00e4hrige Erfahrung deckt einen relativ breit gef\u00e4cherten Teil in industriellen Sektoren und verschiedenen Funktionen, sei es bei multinationalen Unternehmen, in- und ausl\u00e4ndischen KMUs oder \u00f6ffentlichen Verwaltungen.  Die Liste der k\u00fcrzlich ausgef\u00fcrten Mandate &#8211; ersichtlich im Kapitel &#8222;Job Opportunities&#8220; &#8211; gibt Ihnen eine genauere Vorstellung unserer Kompetenzen. Wir sind nicht in den Bereichen IT\/IS- und Bankspezialisten t\u00e4tig.<\/p>\n\n\n\n<div style=\"height:40px\" aria-hidden=\"true\" class=\"wp-block-spacer\"><\/div>\n\n\n\n<h3 class=\"wp-block-heading has-large-font-size\">Geografische Reichweite<\/h3>\n\n\n\n<p>Sowohl aus beruflichen und pers\u00f6nlichen als auch aus historischen und strategischen Gr\u00fcnden ist unser Beratungsunternehmen seit seinen Anf\u00e4ngen in der Genferseeregion ans\u00e4ssig. Wir lieben diese herrliche Region, mit der wir uns voll und ganz identifizieren. W\u00e4hrend wir in erster Linie und logischerweise mit Unternehmen in den uns nahe gelegenen Kantonen Waadt und Genf arbeiten, kooperieren wir regelm\u00e4\u00dfig mit Unternehmen in Freiburg, Neuenburg und Wallis. Wir arbeiten auch f\u00fcr schweizerische oder internationale Unternehmen mit Sitz in Z\u00fcrich, Basel, Bern oder Luzern (siehe Liste der Mandate unter &#8222;Job Opportunities&#8220;). Schliesslich reisen wir gerne ins Ausland, um Kunden und Kandidaten zu treffen und bei Bedarf das entstandene Netzwerk mit Partnerberatungsfirmen im In- und Ausland zu aktivieren.<\/p>\n<\/div><\/div>\n","protected":false},"excerpt":{"rendered":"<p>Effizienz, Flexibilit\u00e4t, Enthusiasmus, Verst\u00e4ndnis und Diskretion&#8230; so k\u00f6nnte man unsere Philosophie umschreiben. Ein Unternehmen ist vor allem ein menschliches Abenteuer. Sein Erfolg h\u00e4ngt unter anderem von der Effizienz der F\u00fchrungsmannschaft und Mitarbeiter ab, daher ist es von gr\u00f6sster Wichtigkeit, dass sich jedes neue Mitglied bestens einf\u00fcgt. Deshalb konzentrieren sich unsere personalisierten Dienstleistungen auf drei spezielle [&hellip;]<\/p>\n","protected":false},"author":1,"featured_media":0,"parent":0,"menu_order":0,"comment_status":"closed","ping_status":"closed","template":"","meta":{"_acf_changed":false,"_uag_custom_page_level_css":"","site-sidebar-layout":"default","site-content-layout":"","ast-site-content-layout":"default","site-content-style":"default","site-sidebar-style":"default","ast-global-header-display":"","ast-banner-title-visibility":"","ast-main-header-display":"","ast-hfb-above-header-display":"","ast-hfb-below-header-display":"","ast-hfb-mobile-header-display":"","site-post-title":"","ast-breadcrumbs-content":"","ast-featured-img":"","footer-sml-layout":"","ast-disable-related-posts":"","theme-transparent-header-meta":"","adv-header-id-meta":"","stick-header-meta":"","header-above-stick-meta":"","header-main-stick-meta":"","header-below-stick-meta":"","astra-migrate-meta-layouts":"set","ast-page-background-enabled":"default","ast-page-background-meta":{"desktop":{"background-color":"var(--ast-global-color-4)","background-image":"","background-repeat":"repeat","background-position":"center center","background-size":"auto","background-attachment":"scroll","background-type":"","background-media":"","overlay-type":"","overlay-color":"","overlay-opacity":"","overlay-gradient":""},"tablet":{"background-color":"","background-image":"","background-repeat":"repeat","background-position":"center center","background-size":"auto","background-attachment":"scroll","background-type":"","background-media":"","overlay-type":"","overlay-color":"","overlay-opacity":"","overlay-gradient":""},"mobile":{"background-color":"","background-image":"","background-repeat":"repeat","background-position":"center center","background-size":"auto","background-attachment":"scroll","background-type":"","background-media":"","overlay-type":"","overlay-color":"","overlay-opacity":"","overlay-gradient":""}},"ast-content-background-meta":{"desktop":{"background-color":"var(--ast-global-color-5)","background-image":"","background-repeat":"repeat","background-position":"center center","background-size":"auto","background-attachment":"scroll","background-type":"","background-media":"","overlay-type":"","overlay-color":"","overlay-opacity":"","overlay-gradient":""},"tablet":{"background-color":"var(--ast-global-color-5)","background-image":"","background-repeat":"repeat","background-position":"center center","background-size":"auto","background-attachment":"scroll","background-type":"","background-media":"","overlay-type":"","overlay-color":"","overlay-opacity":"","overlay-gradient":""},"mobile":{"background-color":"var(--ast-global-color-5)","background-image":"","background-repeat":"repeat","background-position":"center center","background-size":"auto","background-attachment":"scroll","background-type":"","background-media":"","overlay-type":"","overlay-color":"","overlay-opacity":"","overlay-gradient":""}},"footnotes":""},"class_list":["post-29391","page","type-page","status-publish","hentry"],"acf":[],"uagb_featured_image_src":{"full":false,"thumbnail":false,"medium":false,"medium_large":false,"large":false,"1536x1536":false,"2048x2048":false,"medium-dia":false,"slider-xl":false,"slider-l":false,"slider-m":false,"slider-s":false,"gform-image-choice-sm":false,"gform-image-choice-md":false,"gform-image-choice-lg":false},"uagb_author_info":{"display_name":"OGSWEB","author_link":"https:\/\/www.vonderweid-consulting.com\/de\/author\/ogsweb\/"},"uagb_comment_info":0,"uagb_excerpt":"Effizienz, Flexibilit\u00e4t, Enthusiasmus, Verst\u00e4ndnis und Diskretion&#8230; so k\u00f6nnte man unsere Philosophie umschreiben. Ein Unternehmen ist vor allem ein menschliches Abenteuer. Sein Erfolg h\u00e4ngt unter anderem von der Effizienz der F\u00fchrungsmannschaft und Mitarbeiter ab, daher ist es von gr\u00f6sster Wichtigkeit, dass sich jedes neue Mitglied bestens einf\u00fcgt. Deshalb konzentrieren sich unsere personalisierten Dienstleistungen auf drei spezielle&hellip;","_links":{"self":[{"href":"https:\/\/www.vonderweid-consulting.com\/de\/wp-json\/wp\/v2\/pages\/29391","targetHints":{"allow":["GET"]}}],"collection":[{"href":"https:\/\/www.vonderweid-consulting.com\/de\/wp-json\/wp\/v2\/pages"}],"about":[{"href":"https:\/\/www.vonderweid-consulting.com\/de\/wp-json\/wp\/v2\/types\/page"}],"author":[{"embeddable":true,"href":"https:\/\/www.vonderweid-consulting.com\/de\/wp-json\/wp\/v2\/users\/1"}],"replies":[{"embeddable":true,"href":"https:\/\/www.vonderweid-consulting.com\/de\/wp-json\/wp\/v2\/comments?post=29391"}],"version-history":[{"count":3,"href":"https:\/\/www.vonderweid-consulting.com\/de\/wp-json\/wp\/v2\/pages\/29391\/revisions"}],"predecessor-version":[{"id":29866,"href":"https:\/\/www.vonderweid-consulting.com\/de\/wp-json\/wp\/v2\/pages\/29391\/revisions\/29866"}],"wp:attachment":[{"href":"https:\/\/www.vonderweid-consulting.com\/de\/wp-json\/wp\/v2\/media?parent=29391"}],"curies":[{"name":"wp","href":"https:\/\/api.w.org\/{rel}","templated":true}]}}